{"id":1023,"date":"2017-07-27T10:53:17","date_gmt":"2017-07-27T08:53:17","guid":{"rendered":"http:\/\/lecoeur-stpaul.de\/beispiel-seite\/"},"modified":"2022-10-17T13:26:21","modified_gmt":"2022-10-17T11:26:21","slug":"beispiel-seite","status":"publish","type":"page","link":"https:\/\/lecoeur-stpaul.de\/fr\/","title":{"rendered":"Maison"},"content":{"rendered":"<div id=\"cs-content\" class=\"cs-content\"><\/div>\n","protected":false},"excerpt":{"rendered":"<p>EN\u00a0 | \u00a0DE LE C\u0152UR DE SAINT PAUL BIEN IMMOBILIER Maison de ville au c\u0153ur de Saint-Paul-de-Vence SITUATION 1 Mont\u00e9e de l\u2019\u00c9glise 06570 Saint-Paul-de-Vence France PRIX DE VENTE 600\u00a0000 \u20ac plus commission (7,14\u00a0% du prix de vente, TVA comprise) SURFACE Environ 120 m\u00b2 en partie \u00e0 usage professionnel PI\u00c8CES 5 pi\u00e8ces r\u00e9parties sur 4 \u00e9tages T\u00c9L\u00c9CHARGER EXPOS\u00c9LE C\u0152UR DE SAINT &#8230;<\/p>\n","protected":false},"author":1,"featured_media":0,"parent":0,"menu_order":0,"comment_status":"closed","ping_status":"open","template":"template-blank-4.php","meta":{"inline_featured_image":false,"footnotes":""},"class_list":["post-1023","page","type-page","status-publish","hentry","no-post-thumbnail"],"_links":{"self":[{"href":"https:\/\/lecoeur-stpaul.de\/fr\/wp-json\/wp\/v2\/pages\/1023","targetHints":{"allow":["GET"]}}],"collection":[{"href":"https:\/\/lecoeur-stpaul.de\/fr\/wp-json\/wp\/v2\/pages"}],"about":[{"href":"https:\/\/lecoeur-stpaul.de\/fr\/wp-json\/wp\/v2\/types\/page"}],"author":[{"embeddable":true,"href":"https:\/\/lecoeur-stpaul.de\/fr\/wp-json\/wp\/v2\/users\/1"}],"replies":[{"embeddable":true,"href":"https:\/\/lecoeur-stpaul.de\/fr\/wp-json\/wp\/v2\/comments?post=1023"}],"version-history":[{"count":10,"href":"https:\/\/lecoeur-stpaul.de\/fr\/wp-json\/wp\/v2\/pages\/1023\/revisions"}],"predecessor-version":[{"id":1168,"href":"https:\/\/lecoeur-stpaul.de\/fr\/wp-json\/wp\/v2\/pages\/1023\/revisions\/1168"}],"wp:attachment":[{"href":"https:\/\/lecoeur-stpaul.de\/fr\/wp-json\/wp\/v2\/media?parent=1023"}],"curies":[{"name":"wp","href":"https:\/\/api.w.org\/{rel}","templated":true}]}}